{"id":4,"date":"2010-08-11T13:23:12","date_gmt":"2010-08-11T13:23:12","guid":{"rendered":"https:\/\/www.ischia.campania.it\/index.php\/"},"modified":"2014-03-27T16:59:36","modified_gmt":"2014-03-27T16:59:36","slug":"home-page","status":"publish","type":"page","link":"https:\/\/www.ischia.campania.it\/index.php\/home-page\/","title":{"rendered":"Home"},"content":{"rendered":"<div id=\"itiner-social\" style=\"padding: 5px 0; float:left; width:100%;\"><a href=\"https:\/\/twitter.com\/share\" class=\"twitter-share-button\" data-url=\"http:\/\/www.ischia.campania.it\/index.php\/home-page\/\" data-text=\"ItinerSocial\" data-count=\"horizontal\" data-via=\"ItinerSocial\" style=\"flaot:left;margin: 0 10px\"><\/a><div class=\"fb-like\" data-href=\"http:\/\/www.ischia.campania.it\/index.php\/home-page\/\" data-layout=\"button_count\" data-send=\"false\" data-show-faces=\"false\" data-width=\"90\" style=\"flaot:left;margin: 0 10px\"><\/div><div class=\"g-plusone\" data-annotation=\"inline\" data-href=\"http:\/\/www.ischia.campania.it\/index.php\/home-page\/\" data-size=\"medium\" data-width=\"120\" style=\"flaot:left;margin: 0 10px\"><\/div><\/div><p><a href=\"https:\/\/www.ischia.campania.it\/wp-content\/uploads\/2010\/08\/ischia-tramonto.jpg\"><img data-attachment-id=\"2791\" data-permalink=\"https:\/\/www.ischia.campania.it\/index.php\/home-page\/ischia-tramonto\/\" data-orig-file=\"https:\/\/www.ischia.campania.it\/wp-content\/uploads\/2010\/08\/ischia-tramonto.jpg\" data-orig-size=\"900,600\" data-comments-opened=\"1\" data-image-meta=\"{&quot;aperture&quot;:&quot;5.6&quot;,&quot;credit&quot;:&quot;Photographer: Antonio Iervolino&quot;,&quot;camera&quot;:&quot;Canon EOS 50D&quot;,&quot;caption&quot;:&quot;&quot;,&quot;created_timestamp&quot;:&quot;1294511529&quot;,&quot;copyright&quot;:&quot;&quot;,&quot;focal_length&quot;:&quot;18&quot;,&quot;iso&quot;:&quot;1600&quot;,&quot;shutter_speed&quot;:&quot;0.5&quot;,&quot;title&quot;:&quot;&quot;}\" data-image-title=\"ischia-tramonto\" data-image-description=\"\" data-image-caption=\"\" data-medium-file=\"https:\/\/www.ischia.campania.it\/wp-content\/uploads\/2010\/08\/ischia-tramonto-446x297.jpg\" data-large-file=\"https:\/\/www.ischia.campania.it\/wp-content\/uploads\/2010\/08\/ischia-tramonto.jpg\" loading=\"lazy\" class=\"alignnone size-medium wp-image-2791\" alt=\"ischia-tramonto\" src=\"https:\/\/www.ischia.campania.it\/wp-content\/uploads\/2010\/08\/ischia-tramonto-446x297.jpg\" width=\"446\" height=\"297\" srcset=\"https:\/\/www.ischia.campania.it\/wp-content\/uploads\/2010\/08\/ischia-tramonto-446x297.jpg 446w, https:\/\/www.ischia.campania.it\/wp-content\/uploads\/2010\/08\/ischia-tramonto-140x94.jpg 140w, https:\/\/www.ischia.campania.it\/wp-content\/uploads\/2010\/08\/ischia-tramonto.jpg 900w\" sizes=\"(max-width: 446px) 100vw, 446px\" \/><\/a><\/p>\n<p><strong>Il &#8220;Giardino d&#8217;Europa&#8221; o &#8220;Isola Verde&#8221; sono solo alcuni dei nomi con i quali Ischia si \u00e8 fatta conoscere nel mondo<\/strong> come localit\u00e0 turistica di alto pregio, dove nulla \u00e8 scontato, dove la natura ha voluto mostrare il risultato del connubio tra acqua e fuoco. L&#8217;isola d&#8217;Ischia \u00e8 uno spettacolo di diversit\u00e0 biologiche, paesaggistiche, storiche, culturali e turistiche.<\/p>\n<p><strong>Per dare un&#8217;idea rapida dell&#8217;isola d&#8217;Ischia<\/strong> basta dire che conta un&#8217;altissima concentrazione di hotel, parchi termali, chiese e spiagge&#8230; forse le pi\u00f9 alte d&#8217;Italia considerando la superficie relativamente esigua dell&#8217;isola. Ci sono infatti quasi 400 strutture ricettive tra piccole, medie e grandi, sul mare o in montagna, pensioni e hotel di lusso.<\/p>\n<p><strong>L&#8217;isola d&#8217;Ischia sorge nel<\/strong> <strong>Golfo di Napoli dalla quale dista 29 km<\/strong> mentre dalla costa flegrea dista solo 10 km. Fa parte delle Isole Flegree insieme a Procida, Vivara e Nisida e conta sei comuni: Ischia (comune omonimo dell&#8217;intera isola), Casamicciola Terme, Lacco Ameno, Forio, Serrara Fontana e Barano d&#8217;Ischia. L&#8217;intera isola ha un&#8217;estensione di 46,5 kmq, un perimetro di 34 km ed il Monte Epomeo (il pi\u00f9 alto) emerge dal mare per 789 m. Con i suoi 62.027 abitanti (ISTAT 2009) \u00e8 la terza pi\u00f9 popolosa isola italiana, dopo Sicilia e Sardegna.<\/p>\n<p><strong>La variet\u00e0 di elementi di cui Ischia \u00e8 costituita, rapisce anche il visitatore pi\u00f9 distratto<\/strong>. Scenari naturali mozzafiato, fonti termali spontanee, strutture alberghiere di primordine, cucina mediterranea e storia sono solo alcuni degli elementi che attraggono sull&#8217;isola turisti da tutto il mondo.<\/p>\n<p><strong>Prettamente di origine vulcanica, Ischia si \u00e8 costutuita dal sollevamento di rocce<\/strong> verificatosi negli ultimi 150.000 anni, con depositi di eruzioni effusive ed esplosive che hanno generato scorci celestiali, baie, coste e spiagge di uno splendore assoluto ma anche vette e colline ricoperte da pinete e boschi di castagno che hanno donato ad Ischia l&#8217;appellativo di &#8220;Isola verde&#8221;.<\/p>\n<p><strong>Il Castello Aragonese, le torri saracene e gli scavi greco-romani<\/strong> confermano poi gli importanti trascorsi storici dell&#8217;isola nello scenario mediterraneo.<\/p>\n<p><strong>Inoltre un gran numero di cetacei popolano le acque al largo delle coste ischitane<\/strong> (stenelle, grampi, balenottere, capodogli e delfini) a riprova della qualit\u00e0 del mare circostante, da sempre ritenuto florido e pescoso.<\/p>\n","protected":false},"excerpt":{"rendered":"<p>Il &#8220;Giardino d&#8217;Europa&#8221; o &#8220;Isola Verde&#8221; sono solo alcuni dei nomi con i quali Ischia si \u00e8 fatta conoscere nel mondo come localit\u00e0 turistica di alto pregio, dove nulla \u00e8 scontato, dove la natura ha voluto mostrare il risultato del connubio tra acqua e fuoco. L&#8217;isola d&#8217;Ischia \u00e8 uno spettacolo di diversit\u00e0 biologiche, paesaggistiche, storiche, [&hellip;]<\/p>\n","protected":false},"author":1,"featured_media":0,"parent":0,"menu_order":0,"comment_status":"closed","ping_status":"closed","template":"","meta":{"_et_pb_use_builder":"off","_et_pb_old_content":"<p>Il \"Giardino d'Europa\" o \"Isola Verde\" sono solo alcuni dei nomi con i quali Ischia si \u00e8 fatta conoscere nel mondo come localit\u00e0 turistica di alto pregio, dove nulla \u00e8 scontato, dove la natura ha voluto mostrare il risultato del connubio tra <strong>acqua<\/strong> e <strong>fuoco<\/strong>. L'isola d'Ischia \u00e8 uno <strong>spettacolo<\/strong> di diversit\u00e0 biologiche, paesaggistiche, storiche, culturali e turistiche.<\/p><p>Per dare un'idea rapida dell'isola d'Ischia basta dire che conta un'altissima concentrazione di hotel, parchi termali, chiese e spiagge... forse le pi\u00f9 alte d'Italia considerando la superficie relativamente esigua dell'isola. Ci sono infatti quasi 400 <strong>strutture ricettive<\/strong> tra piccole, medie e grandi, sul mare o in montagna, pensioni e hotel di lusso.<\/p><p>L'isola d'Ischia sorge nel <strong>Golfo di Napoli<\/strong> dalla quale dista 29 km mentre dalla costa flegrea dista solo 10 km. Fa parte delle Isole Flegree insieme a Procida, Vivara e Nisida e conta sei comuni: Ischia (comune omonimo dell'intera isola), Casamicciola Terme, Lacco Ameno, Forio, Serrara Fontana e Barano d'Ischia. L'intera isola ha un'estensione di 46,5 kmq, un perimetro di 34 km ed il Monte Epomeo (il pi\u00f9 alto) emerge dal mare per 789 m. Con i suoi 62.027 abitanti (ISTAT 2009) \u00e8 la terza pi\u00f9 popolosa isola italiana, dopo Sicilia e Sardegna.<\/p><p>La variet\u00e0 di elementi di cui Ischia \u00e8 costituita, rapisce anche il visitatore pi\u00f9 distratto. <strong>Scenari naturali<\/strong> mozzafiato, <strong>fonti termali<\/strong> spontanee, <strong>strutture alberghiere<\/strong> di primordine, <strong>cucina mediterranea<\/strong> e <strong>storia<\/strong> sono solo alcuni degli elementi che attraggono sull'isola turisti da tutto il mondo.<\/p><p>Prettamente di <strong>origine vulcanica<\/strong>, Ischia si \u00e8 costutuita dal sollevamento di rocce verificatosi negli ultimi 150.000 anni, con depositi di eruzioni effusive ed esplosive che hanno generato scorci celestiali, baie, coste e spiagge di uno splendore assoluto ma anche vette e colline ricoperte da pinete e boschi di castagno che hanno donato ad Ischia l'appellativo di \"Isola verde\".<\/p><p>Il <strong>Castello Aragonese<\/strong>, le torri saracene e gli scavi greco-romani confermano poi gli importanti trascorsi storici dell'isola nello scenario mediterraneo.<\/p><p>Inoltre un gran numero di <strong>cetacei<\/strong> popolano le acque al largo delle coste ischitane (stenelle, grampi, balenottere, capodogli e delfini) a riprova della qualit\u00e0 del mare circostante, da sempre ritenuto florido e pescoso.<\/p>","_et_gb_content_width":"","_monsterinsights_skip_tracking":false,"_monsterinsights_sitenote_active":false,"_monsterinsights_sitenote_note":"","_monsterinsights_sitenote_category":0,"spay_email":""},"jetpack_shortlink":"https:\/\/wp.me\/P3yuov-4","jetpack_sharing_enabled":true,"_links":{"self":[{"href":"https:\/\/www.ischia.campania.it\/index.php\/wp-json\/wp\/v2\/pages\/4"}],"collection":[{"href":"https:\/\/www.ischia.campania.it\/index.php\/wp-json\/wp\/v2\/pages"}],"about":[{"href":"https:\/\/www.ischia.campania.it\/index.php\/wp-json\/wp\/v2\/types\/page"}],"author":[{"embeddable":true,"href":"https:\/\/www.ischia.campania.it\/index.php\/wp-json\/wp\/v2\/users\/1"}],"replies":[{"embeddable":true,"href":"https:\/\/www.ischia.campania.it\/index.php\/wp-json\/wp\/v2\/comments?post=4"}],"version-history":[{"count":28,"href":"https:\/\/www.ischia.campania.it\/index.php\/wp-json\/wp\/v2\/pages\/4\/revisions"}],"predecessor-version":[{"id":10,"href":"https:\/\/www.ischia.campania.it\/index.php\/wp-json\/wp\/v2\/pages\/4\/revisions\/10"}],"wp:attachment":[{"href":"https:\/\/www.ischia.campania.it\/index.php\/wp-json\/wp\/v2\/media?parent=4"}],"curies":[{"name":"wp","href":"https:\/\/api.w.org\/{rel}","templated":true}]}}